{"id":231955,"date":"2020-01-07T15:39:16","date_gmt":"2020-01-07T15:39:16","guid":{"rendered":"http:\/\/lesstudiosdelaseine.com\/?page_id=231955"},"modified":"2024-01-03T14:10:42","modified_gmt":"2024-01-03T13:10:42","slug":"politique-de-confidentialite","status":"publish","type":"page","link":"https:\/\/lesstudiosdelaseine.com\/en\/politique-de-confidentialite","title":{"rendered":"Privacy Policy"},"content":{"rendered":"<p>[et_pb_section fb_built=\u00a0\u00bb1&Prime; fullwidth=\u00a0\u00bbon\u00a0\u00bb _builder_version=\u00a0\u00bb4.16&Prime; global_colors_info=\u00a0\u00bb{}\u00a0\u00bb][et_pb_fullwidth_header title=\u00a0\u00bbPolitiques de confidentialit\u00e9\u00a0\u00bb subhead=\u00a0\u00bbLes Studios de la Seine\u00a0\u00bb text_orientation=\u00a0\u00bbright\u00a0\u00bb _builder_version=\u00a0\u00bb4.16&Prime; title_font=\u00a0\u00bb|||on|||||\u00a0\u00bb title_font_size=\u00a0\u00bb66px\u00a0\u00bb title_letter_spacing=\u00a0\u00bb1px\u00a0\u00bb subhead_font=\u00a0\u00bb|600||||on|||\u00a0\u00bb subhead_font_size=\u00a0\u00bb30px\u00a0\u00bb subhead_letter_spacing=\u00a0\u00bb3px\u00a0\u00bb background_enable_color=\u00a0\u00bboff\u00a0\u00bb background_image=\u00a0\u00bbhttps:\/\/lesstudiosdelaseine.com\/wp-content\/uploads\/2020\/10\/DSC05275-scaled.jpg\u00a0\u00bb title_font_size_tablet=\u00a0\u00bb\u00a0\u00bb title_font_size_phone=\u00a0\u00bb42px\u00a0\u00bb title_font_size_last_edited=\u00a0\u00bbon|phone\u00a0\u00bb subhead_font_size_tablet=\u00a0\u00bb\u00a0\u00bb subhead_font_size_phone=\u00a0\u00bb26px\u00a0\u00bb subhead_font_size_last_edited=\u00a0\u00bbon|phone\u00a0\u00bb global_colors_info=\u00a0\u00bb{}\u00a0\u00bb][\/et_pb_fullwidth_header][\/et_pb_section][et_pb_section fb_built=\u00a0\u00bb1&Prime; admin_label=\u00a0\u00bbsection\u00a0\u00bb _builder_version=\u00a0\u00bb4.16&Prime; background_color=\u00a0\u00bb#1f1f1f\u00a0\u00bb global_colors_info=\u00a0\u00bb{}\u00a0\u00bb][et_pb_row admin_label=\u00a0\u00bbrow\u00a0\u00bb _builder_version=\u00a0\u00bb4.16&Prime; background_size=\u00a0\u00bbinitial\u00a0\u00bb background_position=\u00a0\u00bbtop_left\u00a0\u00bb background_repeat=\u00a0\u00bbrepeat\u00a0\u00bb global_colors_info=\u00a0\u00bb{}\u00a0\u00bb][et_pb_column type=\u00a0\u00bb4_4&Prime; _builder_version=\u00a0\u00bb4.16&Prime; custom_padding=\u00a0\u00bb|||\u00a0\u00bb global_colors_info=\u00a0\u00bb{}\u00a0\u00bb custom_padding__hover=\u00a0\u00bb|||\u00a0\u00bb][et_pb_text _builder_version=\u00a0\u00bb4.16&Prime; text_text_color=\u00a0\u00bb#c6c6c6&Prime; text_font_size=\u00a0\u00bb16px\u00a0\u00bb header_text_color=\u00a0\u00bb#ffffff\u00a0\u00bb header_2_text_color=\u00a0\u00bb#ffffff\u00a0\u00bb header_3_text_color=\u00a0\u00bb#ffffff\u00a0\u00bb header_3_font_size=\u00a0\u00bb24px\u00a0\u00bb header_3_letter_spacing=\u00a0\u00bb1px\u00a0\u00bb global_colors_info=\u00a0\u00bb{}\u00a0\u00bb]<\/p>\n<h1>Protection des donn\u00e9es personnelles<\/h1>\n<h3>D\u00e9finitions<\/h3>\n<p><b>Le site :<\/b> L\u2019ensemble des sites, pages Internet et services en ligne propos\u00e9s par Les Studios de la Seine.<br \/><b>L\u2019utilisateur :<\/b> La personne utilisant le site et les services.<br \/>Une donn\u00e9e \u00e0 caract\u00e8re personnel est toute information relative \u00e0 une personne physique susceptible d\u2019\u00eatre identifi\u00e9e, directement ou indirectement.<br \/><b>La politique RGPD :<\/b> R\u00e8glement G\u00e9n\u00e9ral sur la Protection des Donn\u00e9es. La RGPD encadre le traitement des donn\u00e9es personnelles sur le territoire de l\u2019Union Europ\u00e9enne et r\u00e9git la protection des donn\u00e9es \u00e0 caract\u00e8re personnel.<\/p>\n<p>&nbsp;<\/p>\n<h3>Vos informations personnelles<\/h3>\n<p>De mani\u00e8re g\u00e9n\u00e9rale, l\u2019utilisateur n\u2019est pas tenu de nous communiquer ses donn\u00e9es personnelles pour visiter notre site Internet www.lesstudiosdelaseine.com.<br \/>Cependant, ce principe comporte certaines exceptions. Pour certains services propos\u00e9s par notre site, l\u2019utilisateur peut effectivement \u00eatre amen\u00e9 \u00e0 nous communiquer certaines donn\u00e9es \u00e0 caract\u00e8re personnel :<\/p>\n<p>Sur le formulaire de contact de notre site, Sur les formulaires de demande de prise en charge d\u2019une formation, Sur l\u2019abonnement aux appels \u00e0 projets de mani\u00e8re \u00e0 pouvoir vous notifier de nos nouvelles publications et pour lequel vous \u00e0 tout moment vous d\u00e9sinscrire, Sur les op\u00e9rations que vous pouvez \u00eatre amen\u00e9 \u00e0 effectuer sur nos diff\u00e9rents extranets (acc\u00e8s s\u00e9curis\u00e9 avec vos codes de connexion).<\/p>\n<p>&nbsp;<\/p>\n<h3>Quelles donn\u00e9es personnelles collectons-nous ?<\/h3>\n<p>Dans le cadre de sa politique RGPD, Les Studios de la Seine collecte et utilise uniquement les informations personnelles n\u00e9cessaires \u00e0 son activit\u00e9.<br \/>\u00c0 ce titre, nous sommes principalement susceptibles de collecter les informations personnelles suivantes :<\/p>\n<p>informations relatives \u00e0 votre identit\u00e9 (civilit\u00e9, nom, pr\u00e9nom, adresse postale, num\u00e9ro de t\u00e9l\u00e9phone, adresse mail, date de naissance, num\u00e9ro de s\u00e9curit\u00e9 sociale).<br \/>informations relatives au suivi de la relation (historique de vos demandes)<br \/>informations techniques pour les statistiques de fr\u00e9quentation du site internet (adresse IP, date et heure de visite du site, fr\u00e9quence de visites, le nombre de pages vues, zones visit\u00e9es et cookies (voir ci-apr\u00e8s)<br \/>En compl\u00e9ment, nous pouvons collecter des informations \u00e0 caract\u00e8re p\u00e9dagogique et financier relatives aux parcours de formations suivi par les salari\u00e9s des entreprises adh\u00e9rentes et les actifs.<br \/>Ces informations sont r\u00e9colt\u00e9es via le formulaire de contact en ligne.<\/p>\n<p>Les donn\u00e9es ainsi trait\u00e9es sont destin\u00e9e au Studios de la Seine dans le cadre de ses missions l\u00e9gitimes dans le cadre de la mise en contact. En dehors de ce cas, les donn\u00e9es ne sont jamais communiqu\u00e9es \u00e0 des tiers et ne donnent lieu \u00e0 aucune utilisation commerciale.<\/p>\n<p>La conservation de vos donn\u00e9es personnelles<br \/>Ces donn\u00e9es sont conserv\u00e9es tant qu\u2019elles sont n\u00e9cessaires \u00e0 la r\u00e9alisation de ces missions, et seront archiv\u00e9es ou d\u00e9truites au-del\u00e0, conform\u00e9ment aux obligations l\u00e9gales et r\u00e9glementaires applicables au Studios de la Seine. Les informations de contact des entreprises adh\u00e9rentes ou organisme de formation sont conserv\u00e9es pendant la dur\u00e9e de la relation d\u2019adh\u00e9sion ou contractuelle et pendant 3 ans apr\u00e8s la fin de la relation d\u2019adh\u00e9sion ou contractuelle. Les informations li\u00e9es aux salari\u00e9s sont conserv\u00e9es l\u2019ann\u00e9e en cours plus 6 ans \u00e0 compter de la formation puis archiv\u00e9es 10 ans pour respecter les obligations comptables.<\/p>\n<p>&nbsp;<\/p>\n<h3>Vos droits sur la gestion de vos donn\u00e9es personnelles<\/h3>\n<p>Conform\u00e9ment \u00e0 la loi Informatique et libert\u00e9s et au R\u00e8glement (UE) 2016\/679 du Parlement europ\u00e9en et du Conseil du 27 avril 2016 applicable \u00e0 compter du 25 mai 2018 et dans les conditions pr\u00e9vues par ces textes, les personnes concern\u00e9es peuvent exercer leurs droits d\u2019acc\u00e8s, de rectification, d\u2019effacement des donn\u00e9es, de limitation du traitement, d\u2019opposition et du droit \u00e0 la portabilit\u00e9 des donn\u00e9es, le cas \u00e9ch\u00e9ant du retrait du consentement.<\/p>\n<p>Pour ce faire, vous pouvez prendre contact avec notre webmaster au sujet de toutes questions relatives au traitement de vos donn\u00e9es et \u00e0 l\u2019exercice de vos droits, \u00e0 l\u2019adresse mail suivante : production@manongenest.com.<\/p>\n<p>Enfin, une r\u00e9clamation relative au traitement de vos donn\u00e9es personnelles peut \u00eatre r\u00e9alis\u00e9e aupr\u00e8s de la Commission Nationale de l\u2019Informatique et des Libert\u00e9s (3 Place de Fontenoy, 75007 Paris ; <a href=\"https:\/\/www.cnil.fr\/)\">https:\/\/www.cnil.fr\/)<\/a>.<\/p>\n<p>&nbsp;<\/p>\n<h2>Gestion des cookies<\/h2>\n<h3>Qu\u2019est-ce qu\u2019un cookie ?<\/h3>\n<p>Afin de continuellement am\u00e9liorer nos sites et leurs services de constamment s\u2019am\u00e9liorer, ce site mesure les audiences li\u00e9es \u00e0 l\u2019analyse des navigations de l\u2019ensemble de ses utilisateurs, via l\u2019outil Google Analytics.<\/p>\n<p>Ce site utilise des cookies.<\/p>\n<p>Un cookie est un fichier contenant une faible quantit\u00e9 d\u2019informations qu\u2019un site d\u00e9pose automatiquement sur le navigateur de votre ordinateur ou sur votre appareil mobile pour y \u00eatre stock\u00e9, sous r\u00e9serve de votre choix.<\/p>\n<p>Un fichier cookie permet au site d\u2019identifier le terminal dans lequel il est identifi\u00e9, pendant la dur\u00e9e de validit\u00e9. Les cookies sont conserv\u00e9s pour une dur\u00e9e maximale de 13 mois apr\u00e8s leur premier d\u00e9p\u00f4t dans le terminal de l\u2019utilisateur, conform\u00e9ment aux recommandations de la CNIL.<\/p>\n<p>&nbsp;<\/p>\n<h3>A quoi servent les cookies ?<\/h3>\n<p>Les cookies \u00e9mis sur notre site permettent de faciliter votre navigation sur notre site, d\u2019analyser le trafic, d\u2019offrir des fonctionnalit\u00e9s relatives aux m\u00e9dias sociaux. Ils permettent le bon fonctionnement de certains services, de mani\u00e8re \u00e0 am\u00e9liorer leur qualit\u00e9. Seul l\u2019\u00e9metteur d\u2019un cookie est susceptible de lire ou de modifier les informations qui y sont contenues. Les cookies ne compromettent pas la s\u00e9curit\u00e9 du site.<\/p>\n<p>Plusieurs types de cookies sont susceptibles d\u2019\u00eatre utilis\u00e9s par le site :<\/p>\n<p><b>1. Les cookies strictement n\u00e9cessaires<\/b><br \/>Il s\u2019agit des cookies et des traceurs strictement n\u00e9cessaires \u00e0 la fourniture d\u2019un service express\u00e9ment demand\u00e9 par l\u2019utilisateur (gestion de l\u2019authentification pour les services en ligne propos\u00e9s par Les Studios de la Seine). Ils sont n\u00e9cessaires \u00e0 la navigation sur le site et garantissent son bon fonctionnement. Ils sont exempt\u00e9s de votre consentement. Ces cookies ne stockent aucune donn\u00e9e \u00e0 caract\u00e8re personnel.<\/p>\n<p><b>2. Les cookies statistiques<\/b><br \/>Ils nous permettent d\u2019\u00e9tablir des statistiques de fr\u00e9quentations. Ces cookies nous permettent de comptabiliser les visites afin que nous puissions mesurer et am\u00e9liorer la performance de notre site. Ils nous aident \u00e0 savoir quelles pages sont les plus et les moins visit\u00e9es et de voir comment les visiteurs naviguent sur le site. Si vous n\u2019autorisez pas ces cookies, nous ne saurons pas lorsque vous avez visit\u00e9 notre site, et nous ne pourrons pas suivre les performances de ce site et l\u2019am\u00e9liorer. Les bases de donn\u00e9es sont prot\u00e9g\u00e9es par les dispositions de la loi du 1er juillet 1998 transposant la directive 96\/9 du 11 mars 1996 relative \u00e0 la protection juridique des bases de donn\u00e9es.<\/p>\n<p><b>3. Les cookies fonctionnels<\/b><br \/>Ils vous permettent de vous identifier et par cons\u00e9quent d\u2019acc\u00e9der \u00e0 votre compte, mais \u00e9galement de personnaliser votre exp\u00e9rience sur le site. Ces cookies sont mis en \u0153uvre apr\u00e8s votre consentement dans le cadre d\u2019une convention avec Les Studios de la Seine.<\/p>\n<p><b>4. Les cookies et plug-in de r\u00e9seaux sociaux<\/b><br \/>Notre site utilise des cookies vid\u00e9os d\u00e9pos\u00e9s par YouTube pour afficher les vid\u00e9os sur notre site. YouTube d\u00e9pose des cookies sur l\u2019ordinateur de l\u2019utilisateur pour :<\/p>\n<p>optimiser l\u2019utilisation du service de vid\u00e9o par ses utilisateurs ;<br \/>enregistrer les donn\u00e9es n\u00e9cessaires \u00e0 la lecture de contenus audio vid\u00e9o, telles que la qualit\u00e9 de l\u2019image, les param\u00e8tres de mise en m\u00e9moire tampon, et de vitesse de connexion au r\u00e9seau.<br \/><b>En savoir plus sur la politique de confidentialit\u00e9 de YouTube : <\/b>https:\/\/policies.google.com\/privacy?hl=fr&amp;gl=fr<\/p>\n<p>Notre site utilise des cookies \u00e9mis par des r\u00e9seaux sociaux pour permettre \u00e0 notre site d\u2019interagir avec les r\u00e9seaux sociaux concern\u00e9s, \u00e0 savoir, YouTube, LinkedIn, Twitter et Facebook. Les cookies de r\u00e9seaux sociaux sont g\u00e9r\u00e9s par l\u2019\u00e9diteur du site du r\u00e9seau social.<\/p>\n<p><b>En savoir plus sur les politiques de confidentialit\u00e9 de ces r\u00e9seaux sociaux :<\/b><\/p>\n<p><b>Facebook : <\/b> https:\/\/www.facebook.com\/policies\/cookies\/<br \/>Twitter : https:\/\/help.twitter.com\/fr\/rules-and-policies\/twitter-cookies<br \/><b>LinkedIn : <\/b> https:\/\/www.linkedin.com\/legal\/cookie-policy?trk=hp-cookies<br \/>Ces cookies n\u00e9cessitent votre consentement. Celui-ci est valide pendant 13 mois et vous pouvez le retirer \u00e0 tout moment.<\/p>\n<p>Tant que l\u2019utilisateur n\u2019a pas donn\u00e9 son consentement, ces traceurs ne peuvent \u00eatre d\u00e9pos\u00e9s ou lus sur son terminal.<\/p>\n<p>&nbsp;<\/p>\n<h2>Vos choix sur la gestion des cookies<\/h2>\n<h3>1. Accepter les cookies<\/h3>\n<p>Lors de votre premi\u00e8re visite sur le site, ou lors de la visite suivant la suppression des cookies install\u00e9s sur votre ordinateur ou appareil mobile, vous pouvez accepter ou non l\u2019installation des cookies en cliquant sur la banni\u00e8re s\u2019affichant en bas de l\u2019\u00e9cran.<\/p>\n<p>&nbsp;<\/p>\n<h3>2. D\u00e9sactiver et\/ou supprimer les cookies via votre navigateur<\/h3>\n<p>Vous pouvez, \u00e0 tout moment, modifier le param\u00e9trage des cookies dans votre navigateur Internet. Tout param\u00e9trage que vous pouvez entreprendre sera susceptible de modifier votre navigation sur notre site ainsi que vos conditions d\u2019acc\u00e8s \u00e0 certains services n\u00e9cessitant l\u2019utilisation de cookies. La d\u00e9sactivation de certains cookies est susceptible de limiter la fonctionnalit\u00e9 de notre site Internet pour les services n\u00e9cessitant leur utilisation. Dans ces conditions, Les Studios de la Seine ne saurait \u00eatre tenu responsable. Vous pouvez faire le choix \u00e0 tout moment d\u2019exprimer et de modifier vos souhaits en mati\u00e8re de cookies, par les moyens d\u00e9crits ci-apr\u00e8s. Les param\u00e8tres de votre navigateur en mati\u00e8re de cookies se trouvent g\u00e9n\u00e9ralement dans le menu \u00ab options \u00bb, \u00ab outils \u00bb ou \u00ab pr\u00e9f\u00e9rences \u00bb de votre navigateur Internet. Vous pouvez \u00e9galement consulter le menu \u00ab aide \u00bb de votre navigateur. En fonction des navigateurs, le m\u00e9canisme de d\u00e9sactivation des cookies peut varier.<\/p>\n<p>Voici quelques liens et informations pour de plus amples renseignements sur la fa\u00e7on dont g\u00e9rer le param\u00e9trage des cookies :<\/p>\n<p><b>Internet Explorer : <\/b> https:\/\/support.microsoft.com\/fr-fr\/help\/17442\/windows-internet-explorer-delete-manage-cookies<br \/><b>Chrome : <\/b> https:\/\/support.google.com\/chrome\/answer\/95647?hl=fr<br \/><b>Safari :<\/b> https:\/\/support.apple.com\/fr-fr\/HT201265<br \/><b>Mozilla Firefox : <\/b> https:\/\/support.mozilla.org\/fr\/products\/firefox\/protect-your-privacy\/cookies<br \/><b>Opera : <\/b> http:\/\/help.opera.com\/Windows\/10.20\/fr\/cookies.html<br \/>Si vous consultez notre site \u00e0 partir de diff\u00e9rents ordinateurs, il sera n\u00e9cessaire de r\u00e9p\u00e9ter la modification de vos param\u00e8tres.<br \/><b>En savoir plus sur les cookies laiss\u00e9s par les sites Internet sur : <\/b> https:\/\/www.cnil.fr\/fr\/cookies-les-outils-pour-les-maitriser<\/p>\n<p>&nbsp;<\/p>\n<h3>Modification des CGU et de la politique de confidentialit\u00e9<\/h3>\n<p>Nous nous engageons \u00e0 vous informer, sur cette page, en cas de modification substantielle des pr\u00e9sentes CGU, et \u00e0 ne pas baisser le niveau de confidentialit\u00e9 de vos donn\u00e9es de mani\u00e8re substantielle sans vous en informer et obtenir votre consentement.<\/p>\n<p>[\/et_pb_text][\/et_pb_column][\/et_pb_row][\/et_pb_section]<\/p>\n","protected":false},"excerpt":{"rendered":"<p>Protection des donn\u00e9es personnelles D\u00e9finitions Le site : L\u2019ensemble des sites, pages Internet et services en ligne propos\u00e9s par Les Studios de la Seine.L\u2019utilisateur : La personne utilisant le site et les services.Une donn\u00e9e \u00e0 caract\u00e8re personnel est toute information relative \u00e0 une personne physique susceptible d\u2019\u00eatre identifi\u00e9e, directement ou indirectement.La politique RGPD : R\u00e8glement [&hellip;]<\/p>\n","protected":false},"author":1,"featured_media":0,"parent":0,"menu_order":0,"comment_status":"closed","ping_status":"closed","template":"","meta":{"_acf_changed":false,"_et_pb_use_builder":"on","_et_pb_old_content":"","_et_gb_content_width":"","footnotes":""},"class_list":["post-231955","page","type-page","status-publish","hentry"],"acf":[],"yoast_head":"<!-- This site is optimized with the Yoast SEO plugin v27.4 - https:\/\/yoast.com\/product\/yoast-seo-wordpress\/ -->\n<title>Politique de confidentialit\u00e9 | Les Studios de la Seine | Studio d&#039;enregistrement<\/title>\n<meta name=\"description\" content=\"La page politique de confidentialit\u00e9 des Studios de la Seine, prestigieux studios parisiens, accueillant de nombreux projets\" \/>\n<meta name=\"robots\" content=\"index, follow, max-snippet:-1, max-image-preview:large, max-video-preview:-1\" \/>\n<link rel=\"canonical\" href=\"https:\/\/lesstudiosdelaseine.com\/en\/politique-de-confidentialite\/\" \/>\n<meta property=\"og:locale\" content=\"en_US\" \/>\n<meta property=\"og:type\" content=\"article\" \/>\n<meta property=\"og:title\" content=\"Politique de confidentialit\u00e9 | Les Studios de la Seine | Studio d&#039;enregistrement\" \/>\n<meta property=\"og:description\" content=\"La page politique de confidentialit\u00e9 des Studios de la Seine, prestigieux studios parisiens, accueillant de nombreux projets\" \/>\n<meta property=\"og:url\" content=\"https:\/\/lesstudiosdelaseine.com\/en\/politique-de-confidentialite\/\" \/>\n<meta property=\"og:site_name\" content=\"Les Studios de la Seine\" \/>\n<meta property=\"article:publisher\" content=\"https:\/\/www.facebook.com\/studiodelaseine\/\" \/>\n<meta property=\"article:modified_time\" content=\"2024-01-03T13:10:42+00:00\" \/>\n<meta property=\"og:image\" content=\"https:\/\/lesstudiosdelaseine.com\/wp-content\/uploads\/2020\/09\/DSC03765-scaled.jpg\" \/>\n\t<meta property=\"og:image:width\" content=\"2560\" \/>\n\t<meta property=\"og:image:height\" content=\"1707\" \/>\n\t<meta property=\"og:image:type\" content=\"image\/jpeg\" \/>\n<meta name=\"twitter:card\" content=\"summary_large_image\" \/>\n<meta name=\"twitter:label1\" content=\"Est. reading time\" \/>\n\t<meta name=\"twitter:data1\" content=\"9 minutes\" \/>\n<script type=\"application\/ld+json\" class=\"yoast-schema-graph\">{\"@context\":\"https:\\\/\\\/schema.org\",\"@graph\":[{\"@type\":\"WebPage\",\"@id\":\"https:\\\/\\\/lesstudiosdelaseine.com\\\/politique-de-confidentialite\",\"url\":\"https:\\\/\\\/lesstudiosdelaseine.com\\\/politique-de-confidentialite\",\"name\":\"Politique de confidentialit\u00e9 | Les Studios de la Seine | Studio d'enregistrement\",\"isPartOf\":{\"@id\":\"https:\\\/\\\/lesstudiosdelaseine.com\\\/#website\"},\"datePublished\":\"2020-01-07T15:39:16+00:00\",\"dateModified\":\"2024-01-03T13:10:42+00:00\",\"description\":\"La page politique de confidentialit\u00e9 des Studios de la Seine, prestigieux studios parisiens, accueillant de nombreux projets\",\"breadcrumb\":{\"@id\":\"https:\\\/\\\/lesstudiosdelaseine.com\\\/politique-de-confidentialite#breadcrumb\"},\"inLanguage\":\"en-US\",\"potentialAction\":[{\"@type\":\"ReadAction\",\"target\":[\"https:\\\/\\\/lesstudiosdelaseine.com\\\/politique-de-confidentialite\"]}]},{\"@type\":\"BreadcrumbList\",\"@id\":\"https:\\\/\\\/lesstudiosdelaseine.com\\\/politique-de-confidentialite#breadcrumb\",\"itemListElement\":[{\"@type\":\"ListItem\",\"position\":1,\"name\":\"Accueil\",\"item\":\"https:\\\/\\\/lesstudiosdelaseine.com\\\/\"},{\"@type\":\"ListItem\",\"position\":2,\"name\":\"Politique de confidentialit\u00e9\"}]},{\"@type\":\"WebSite\",\"@id\":\"https:\\\/\\\/lesstudiosdelaseine.com\\\/#website\",\"url\":\"https:\\\/\\\/lesstudiosdelaseine.com\\\/\",\"name\":\"Les Studios de la Seine\",\"description\":\"Studio d&#039;enregistrement \u00e0 Paris\",\"publisher\":{\"@id\":\"https:\\\/\\\/lesstudiosdelaseine.com\\\/#organization\"},\"potentialAction\":[{\"@type\":\"SearchAction\",\"target\":{\"@type\":\"EntryPoint\",\"urlTemplate\":\"https:\\\/\\\/lesstudiosdelaseine.com\\\/?s={search_term_string}\"},\"query-input\":{\"@type\":\"PropertyValueSpecification\",\"valueRequired\":true,\"valueName\":\"search_term_string\"}}],\"inLanguage\":\"en-US\"},{\"@type\":\"Organization\",\"@id\":\"https:\\\/\\\/lesstudiosdelaseine.com\\\/#organization\",\"name\":\"Les Studios de la Seine\",\"alternateName\":\"La Seine Studios\",\"url\":\"https:\\\/\\\/lesstudiosdelaseine.com\\\/\",\"logo\":{\"@type\":\"ImageObject\",\"inLanguage\":\"en-US\",\"@id\":\"https:\\\/\\\/lesstudiosdelaseine.com\\\/#\\\/schema\\\/logo\\\/image\\\/\",\"url\":\"https:\\\/\\\/lesstudiosdelaseine.com\\\/wp-content\\\/uploads\\\/2020\\\/10\\\/logo-e1607434504573.png\",\"contentUrl\":\"https:\\\/\\\/lesstudiosdelaseine.com\\\/wp-content\\\/uploads\\\/2020\\\/10\\\/logo-e1607434504573.png\",\"width\":500,\"height\":445,\"caption\":\"Les Studios de la Seine\"},\"image\":{\"@id\":\"https:\\\/\\\/lesstudiosdelaseine.com\\\/#\\\/schema\\\/logo\\\/image\\\/\"},\"sameAs\":[\"https:\\\/\\\/www.facebook.com\\\/studiodelaseine\\\/\",\"https:\\\/\\\/www.instagram.com\\\/studiosdelaseine\\\/\",\"https:\\\/\\\/www.linkedin.com\\\/company\\\/les-studios-de-la-seine\\\/\"]}]}<\/script>\n<!-- \/ Yoast SEO plugin. -->","yoast_head_json":{"title":"Politique de confidentialit\u00e9 | Les Studios de la Seine | Studio d'enregistrement","description":"La page politique de confidentialit\u00e9 des Studios de la Seine, prestigieux studios parisiens, accueillant de nombreux projets","robots":{"index":"index","follow":"follow","max-snippet":"max-snippet:-1","max-image-preview":"max-image-preview:large","max-video-preview":"max-video-preview:-1"},"canonical":"https:\/\/lesstudiosdelaseine.com\/en\/politique-de-confidentialite\/","og_locale":"en_US","og_type":"article","og_title":"Politique de confidentialit\u00e9 | Les Studios de la Seine | Studio d'enregistrement","og_description":"La page politique de confidentialit\u00e9 des Studios de la Seine, prestigieux studios parisiens, accueillant de nombreux projets","og_url":"https:\/\/lesstudiosdelaseine.com\/en\/politique-de-confidentialite\/","og_site_name":"Les Studios de la Seine","article_publisher":"https:\/\/www.facebook.com\/studiodelaseine\/","article_modified_time":"2024-01-03T13:10:42+00:00","og_image":[{"width":2560,"height":1707,"url":"https:\/\/lesstudiosdelaseine.com\/wp-content\/uploads\/2020\/09\/DSC03765-scaled.jpg","type":"image\/jpeg"}],"twitter_card":"summary_large_image","twitter_misc":{"Est. reading time":"9 minutes"},"schema":{"@context":"https:\/\/schema.org","@graph":[{"@type":"WebPage","@id":"https:\/\/lesstudiosdelaseine.com\/politique-de-confidentialite","url":"https:\/\/lesstudiosdelaseine.com\/politique-de-confidentialite","name":"Politique de confidentialit\u00e9 | Les Studios de la Seine | Studio d'enregistrement","isPartOf":{"@id":"https:\/\/lesstudiosdelaseine.com\/#website"},"datePublished":"2020-01-07T15:39:16+00:00","dateModified":"2024-01-03T13:10:42+00:00","description":"La page politique de confidentialit\u00e9 des Studios de la Seine, prestigieux studios parisiens, accueillant de nombreux projets","breadcrumb":{"@id":"https:\/\/lesstudiosdelaseine.com\/politique-de-confidentialite#breadcrumb"},"inLanguage":"en-US","potentialAction":[{"@type":"ReadAction","target":["https:\/\/lesstudiosdelaseine.com\/politique-de-confidentialite"]}]},{"@type":"BreadcrumbList","@id":"https:\/\/lesstudiosdelaseine.com\/politique-de-confidentialite#breadcrumb","itemListElement":[{"@type":"ListItem","position":1,"name":"Accueil","item":"https:\/\/lesstudiosdelaseine.com\/"},{"@type":"ListItem","position":2,"name":"Politique de confidentialit\u00e9"}]},{"@type":"WebSite","@id":"https:\/\/lesstudiosdelaseine.com\/#website","url":"https:\/\/lesstudiosdelaseine.com\/","name":"Les Studios de la Seine","description":"Studio d&#039;enregistrement \u00e0 Paris","publisher":{"@id":"https:\/\/lesstudiosdelaseine.com\/#organization"},"potentialAction":[{"@type":"SearchAction","target":{"@type":"EntryPoint","urlTemplate":"https:\/\/lesstudiosdelaseine.com\/?s={search_term_string}"},"query-input":{"@type":"PropertyValueSpecification","valueRequired":true,"valueName":"search_term_string"}}],"inLanguage":"en-US"},{"@type":"Organization","@id":"https:\/\/lesstudiosdelaseine.com\/#organization","name":"Les Studios de la Seine","alternateName":"La Seine Studios","url":"https:\/\/lesstudiosdelaseine.com\/","logo":{"@type":"ImageObject","inLanguage":"en-US","@id":"https:\/\/lesstudiosdelaseine.com\/#\/schema\/logo\/image\/","url":"https:\/\/lesstudiosdelaseine.com\/wp-content\/uploads\/2020\/10\/logo-e1607434504573.png","contentUrl":"https:\/\/lesstudiosdelaseine.com\/wp-content\/uploads\/2020\/10\/logo-e1607434504573.png","width":500,"height":445,"caption":"Les Studios de la Seine"},"image":{"@id":"https:\/\/lesstudiosdelaseine.com\/#\/schema\/logo\/image\/"},"sameAs":["https:\/\/www.facebook.com\/studiodelaseine\/","https:\/\/www.instagram.com\/studiosdelaseine\/","https:\/\/www.linkedin.com\/company\/les-studios-de-la-seine\/"]}]}},"_links":{"self":[{"href":"https:\/\/lesstudiosdelaseine.com\/en\/wp-json\/wp\/v2\/pages\/231955","targetHints":{"allow":["GET"]}}],"collection":[{"href":"https:\/\/lesstudiosdelaseine.com\/en\/wp-json\/wp\/v2\/pages"}],"about":[{"href":"https:\/\/lesstudiosdelaseine.com\/en\/wp-json\/wp\/v2\/types\/page"}],"author":[{"embeddable":true,"href":"https:\/\/lesstudiosdelaseine.com\/en\/wp-json\/wp\/v2\/users\/1"}],"replies":[{"embeddable":true,"href":"https:\/\/lesstudiosdelaseine.com\/en\/wp-json\/wp\/v2\/comments?post=231955"}],"version-history":[{"count":3,"href":"https:\/\/lesstudiosdelaseine.com\/en\/wp-json\/wp\/v2\/pages\/231955\/revisions"}],"predecessor-version":[{"id":233381,"href":"https:\/\/lesstudiosdelaseine.com\/en\/wp-json\/wp\/v2\/pages\/231955\/revisions\/233381"}],"wp:attachment":[{"href":"https:\/\/lesstudiosdelaseine.com\/en\/wp-json\/wp\/v2\/media?parent=231955"}],"curies":[{"name":"wp","href":"https:\/\/api.w.org\/{rel}","templated":true}]}}